{"id":55,"date":"2021-10-05T16:06:34","date_gmt":"2021-10-05T14:06:34","guid":{"rendered":"https:\/\/trackable.de\/ducks\/?page_id=55"},"modified":"2025-01-05T12:37:08","modified_gmt":"2025-01-05T11:37:08","slug":"ueber-die-enten","status":"publish","type":"page","link":"https:\/\/trackable.de\/ducks\/ueber-die-enten\/","title":{"rendered":"\u00dcber die Enten"},"content":{"rendered":"\n<div class=\"wp-block-group alignwide is-layout-flow wp-block-group-is-layout-flow\">\n<div class=\"alignwide wp-block-ugb-card ugb-card ugb-b4f4b8a ugb-card--v2 ugb-card--design-basic ugb-card--columns-2 ugb-main-block\"><style>.ugb-b4f4b8a .ugb-card__title,.ugb-b4f4b8a .ugb-card__subtitle,.ugb-b4f4b8a .ugb-card__description,.ugb-b4f4b8a .ugb-button-container{text-align:center}.ugb-b4f4b8a .ugb-card__item{border-radius:0px !important}.ugb-b4f4b8a .ugb-card__item1 .ugb-card__image{background-image:url(https:\/\/trackable.de\/ducks\/wp-content\/uploads\/2021\/10\/PA080026_Bildgroesse-aendern-1024x768.jpg)}.ugb-b4f4b8a .ugb-card__item2 .ugb-card__image{background-image:url(https:\/\/trackable.de\/ducks\/wp-content\/uploads\/2021\/10\/PA080002_Bildgroesse-aendern-1024x768.jpg)}.ugb-b4f4b8a .ugb-card__image{height:250px !important}.ugb-b4f4b8a .ugb-inner-block{text-align:center}<\/style><div class=\"ugb-inner-block\"><div class=\"ugb-block-content\"><div class=\"ugb-card__item ugb-card__item1\"><div class=\"ugb-card__image\"><\/div><div class=\"ugb-card__content\"><h4 class=\"ugb-card__title\">\u00dcber die Enten<\/h4><p class=\"ugb-card__description\">Als Nico sich entschied, von zuhause auszuziehen, hat er uns eine kleine \u00dcberraschung hinterlassen um uns immer wieder an ihn zu erinnern:<br>Er hat 100 kleine Gummienten \u00fcber Aliexpress gekauft und sie an allen m\u00f6glichen und <a href=\"https:\/\/trackable.de\/ducks\/category\/ungewoehnlicher-ort\/\">unm\u00f6glichen Orten<\/a> im Haus versteckt.<br>Teilweise an recht offensichtlichen Stellen, aber auch an Orten, an die man seeeehr selten schaut.<br><br>Diese Website dokumentiert alle Funde im Detail, <a href=\"https:\/\/trackable.de\/ducks\/fund-1-9-flurdekoration\/\">angefangen im Juni 2021<\/a>.<br><br><a href=\"\/ducks\/\">Hier findest Du Details zu jeder gefundenen Ente.<\/a><br>Die Enten 1-32 sowie 86-100 wurden von Anfang an versteckt.<br>Ente 33-85 erst im November 2023.<\/p><\/div><\/div><div class=\"ugb-card__item ugb-card__item2\"><div class=\"ugb-card__image\"><\/div><div class=\"ugb-card__content\"><h4 class=\"ugb-card__title\">Funde<\/h4><p class=\"ugb-card__description\">In den ersten Monaten haben wir zwar schon einige Enten gefunden aber wir gehen aber mal davon aus, dass es mehrere Jahre dauert wird, bis wir alle entdeckt haben.<br><br>Eventuell wird es auch <em><span style=\"text-decoration: underline;\">noch<\/span><\/em> l\u00e4nger dauern und vielleicht finden sogar unsere Nachfahren bei Renovierungsarbeiten noch Enten.<br><br>Auf jeden Fall ist es jedes Mal ein sch\u00f6nes Erlebnis, auf eine Ente zu sto\u00dfen.<br><br> <a href=\"\/ducks\/\">Hier findest Du Details zu jeder gefundenen Ente.<\/a> <\/p><\/div><\/div><\/div><\/div><\/div>\n<\/div>\n\n\n\n<div class=\"alignfull wp-block-ugb-feature-grid ugb-feature-grid ugb-ec0a390 ugb-feature-grid--v2 ugb-feature-grid--columns-4 ugb-feature-grid--design-basic ugb-main-block ugb-main-block--inner-wide ugb--has-block-background\"><style>.ugb-ec0a390 .ugb-feature-grid__item{border-radius:6px !important}.ugb-ec0a390 .ugb-img{width:54px;height:54px !important}.ugb-ec0a390 .ugb-img,.ugb-ec0a390 .ugb-feature-grid__image{margin-left:auto !important;margin-right:auto !important}.ugb-ec0a390 .ugb-feature-grid__description{color:var(--stk-global-color-52325,#111111);text-align:center}.ugb-ec0a390 .ugb-button-container{text-align:center !important;margin-bottom:-11px !important}.ugb-ec0a390 .ugb-feature-grid__image{margin-bottom:9px !important}.ugb-ec0a390 .ugb-inner-block{text-align:center}.ugb-ec0a390.ugb-feature-grid{background-color:var(--stk-global-color-47700,#f6f6f6)}.ugb-ec0a390.ugb-feature-grid:before{background-color:var(--stk-global-color-47700,#f6f6f6)}.ugb-ec0a390 .ugb-block-title{color:var(--stk-global-color-40036,#00473d);margin-bottom:3px !important}.ugb-ec0a390 .ugb-block-description{font-size:18px !important;margin-bottom:17px !important}<\/style><div class=\"ugb-inner-block ugb-inner-block--wide\"><div class=\"ugb-block-content\"><div class=\"ugb-feature-grid__item ugb-feature-grid__item1 ugb--shadow-5\"><div class=\"ugb-feature-grid__image\"><img decoding=\"async\" class=\"ugb-img wp-image-46\" src=\"https:\/\/trackable.de\/ducks\/wp-content\/uploads\/2021\/10\/ente.png\" alt=\"Einfache Liste aller Funde\" title=\"\" width=\"54\"\/><\/div><div class=\"ugb-feature-grid__content\"><p class=\"ugb-feature-grid__description\"><strong>Details zu jedem einzelnen Entenfund<\/strong><\/p><div class=\"ugb-button-container\"><a class=\"ugb-button ugb-button--size-normal ugb--hover-effect-lift-scale ugb-button--design-ghost\" href=\"\/ducks\/\" rel=\"\" title=\"\"><span class=\"ugb-button--inner\">Alle Details<\/span><\/a><\/div><\/div><\/div><div class=\"ugb-feature-grid__item ugb-feature-grid__item2 ugb--shadow-5\"><div class=\"ugb-feature-grid__image\"><img decoding=\"async\" class=\"ugb-img wp-image-49\" src=\"https:\/\/trackable.de\/ducks\/wp-content\/uploads\/2021\/10\/ente_gefunden.png\" alt=\"\u00dcbersicht \" title=\"\" width=\"54\"\/><\/div><div class=\"ugb-feature-grid__content\"><p class=\"ugb-feature-grid__description\">\u00dcbersicht aller 100 Enten<\/p><div class=\"ugb-button-container\"><a class=\"ugb-button ugb-button--size-normal ugb--hover-effect-lift-scale ugb-button--design-ghost\" href=\"https:\/\/trackable.de\/ducks\/dashboard\/\" rel=\"\" title=\"\"><span class=\"ugb-button--inner\">\u00dcberblick<\/span><\/a><\/div><\/div><\/div><div class=\"ugb-feature-grid__item ugb-feature-grid__item3 ugb--shadow-5\"><div class=\"ugb-feature-grid__image\"><img decoding=\"async\" class=\"ugb-img wp-image-48\" src=\"https:\/\/trackable.de\/ducks\/wp-content\/uploads\/2021\/10\/ente-1.png\" alt=\"\" title=\"\" width=\"54\"\/><\/div><div class=\"ugb-feature-grid__content\"><p class=\"ugb-feature-grid__description\">Einfache Liste aller Funde<\/p><div class=\"ugb-button-container\"><a class=\"ugb-button ugb-button--size-normal ugb--hover-effect-lift-scale ugb-button--design-ghost\" href=\"https:\/\/trackable.de\/ducks\/alle-funde-liste\/\" rel=\"\" title=\"\"><span class=\"ugb-button--inner\">Liste<\/span><\/a><\/div><\/div><\/div><div class=\"ugb-feature-grid__item ugb-feature-grid__item4 ugb--shadow-5\"><div class=\"ugb-feature-grid__image\"><img decoding=\"async\" class=\"ugb-img wp-image-48\" src=\"https:\/\/trackable.de\/ducks\/wp-content\/uploads\/2021\/10\/ente-1.png\" alt=\"\" title=\"\" width=\"54\"\/><\/div><div class=\"ugb-feature-grid__content\"><p class=\"ugb-feature-grid__description\">Wer hat die meisten Enten gefunden usw<\/p><div class=\"ugb-button-container\"><a class=\"ugb-button ugb-button--size-normal ugb--hover-effect-lift-scale ugb-button--design-ghost\" href=\"https:\/\/trackable.de\/ducks\/alle-funde-statistik\/\" rel=\"\" title=\"\"><span class=\"ugb-button--inner\">Statistik<\/span><\/a><\/div><\/div><\/div><\/div><\/div><\/div>\n\n\n\n<p><\/p>\n","protected":false},"excerpt":{"rendered":"<p>\u00dcber die Enten Als Nico sich entschied, von zuhause auszuziehen, hat er uns eine kleine \u00dcberraschung hinterlassen um uns immer wieder an ihn zu erinnern:Er hat 100 kleine Gummienten \u00fcber Aliexpress gekauft und sie an allen m\u00f6glichen und unm\u00f6glichen Orten im Haus versteckt.Teilweise an recht offensichtlichen Stellen, aber auch an Orten, an die man seeeehr [&hellip;]<\/p>\n","protected":false},"author":1,"featured_media":0,"parent":0,"menu_order":0,"comment_status":"closed","ping_status":"closed","template":"","meta":{"footnotes":""},"class_list":["post-55","page","type-page","status-publish","hentry"],"blocksy_meta":{"styles_descriptor":{"styles":{"desktop":"[data-prefix=\"single_page\"] .entry-header .page-title {--theme-font-size:32px;} [data-prefix=\"single_page\"] .entry-header .entry-meta {--theme-font-weight:600;--theme-text-transform:uppercase;--theme-font-size:12px;--theme-line-height:1.3;} [data-prefix=\"single_page\"] .hero-section[data-type=\"type-1\"] {--margin-bottom:40px;}","tablet":"[data-prefix=\"single_page\"] .entry-header .page-title {--theme-font-size:30px;}","mobile":"[data-prefix=\"single_page\"] .entry-header .page-title {--theme-font-size:25px;}"},"google_fonts":[],"version":6},"page_title_panel":"","has_hero_section":"enabled","8a1d6d8fc234bb38c4fe25555dff24d8":"","hero_section":"type-1","hero_elements":[{"id":"custom_title","enabled":false,"heading_tag":"h1","title":"Startseite","__id":"IhcBcMiRrv8TKBoacHFHq"},{"id":"custom_description","enabled":false,"description_visibility":{"desktop":true,"tablet":true,"mobile":false},"__id":"lcYa7FEu35P-1JSCIhMmE"},{"id":"custom_meta","enabled":false,"meta_elements":[{"id":"author","enabled":true,"label":"Von","has_author_avatar":"yes","avatar_size":25},{"id":"post_date","enabled":true,"label":"Am","date_format_source":"default","date_format":"M j, Y"},{"id":"updated_date","enabled":false,"label":"Am","date_format_source":"default","date_format":"M j, Y"},{"id":"categories","enabled":false,"label":"In","style":"simple"},{"id":"comments","enabled":true}],"page_meta_elements":{"joined":true,"articles_count":true,"comments":true},"__id":"FjGtvGqI1G4wkzzCimw0y"},{"id":"breadcrumbs","enabled":false,"__id":"d_zQUqjSpf8xl-jcZ4svQ"}],"a655abdbd06a05165a793878184a04c9":"","hero_alignment1":"CT_CSS_SKIP_RULE","hero_margin":40,"hero_alignment2":"center","hero_vertical_alignment":"center","f08b5a73f5622ae79dad84e7d24571e4":"","hero_structure":"narrow","cb8061a016a208c25472755fcb0c5432":"","page_title_bg_type":"featured_image","custom_hero_background":{"attachment_id":null},"parallax":{"desktop":false,"tablet":false,"mobile":false},"59944d1ce7e072e8097a02a4397320d7":"","hero_height":"250px","pageTitleFont":{"family":"Default","variation":"Default","size":{"desktop":"32px","tablet":"30px","mobile":"25px"},"line-height":"CT_CSS_SKIP_RULE","letter-spacing":"CT_CSS_SKIP_RULE","text-transform":"CT_CSS_SKIP_RULE","text-decoration":"CT_CSS_SKIP_RULE"},"pageTitleFontColor":{"default":{"color":"CT_CSS_SKIP_RULEDEFAULT"}},"pageMetaFont":{"family":"Default","variation":"n6","size":"12px","line-height":"1.3","letter-spacing":"CT_CSS_SKIP_RULE","text-transform":"uppercase","text-decoration":"CT_CSS_SKIP_RULE"},"pageMetaFontColor":{"default":{"color":"CT_CSS_SKIP_RULEDEFAULT"},"hover":{"color":"CT_CSS_SKIP_RULEDEFAULT"}},"page_meta_button_type_font_colors":{"default":{"color":"CT_CSS_SKIP_RULEDEFAULT"},"hover":{"color":"CT_CSS_SKIP_RULEDEFAULT"}},"page_meta_button_type_background_colors":{"default":{"color":"CT_CSS_SKIP_RULEDEFAULT"},"hover":{"color":"CT_CSS_SKIP_RULEDEFAULT"}},"pageExcerptFont":{"family":"Default","variation":"Default","size":"CT_CSS_SKIP_RULE","line-height":"CT_CSS_SKIP_RULE","letter-spacing":"CT_CSS_SKIP_RULE","text-transform":"CT_CSS_SKIP_RULE","text-decoration":"CT_CSS_SKIP_RULE"},"pageExcerptColor":{"default":{"color":"CT_CSS_SKIP_RULEDEFAULT"}},"breadcrumbsFont":{"family":"Default","variation":"Default","size":"CT_CSS_SKIP_RULE","line-height":"CT_CSS_SKIP_RULE","letter-spacing":"CT_CSS_SKIP_RULE","text-transform":"CT_CSS_SKIP_RULE","text-decoration":"CT_CSS_SKIP_RULE"},"breadcrumbsFontColor":{"default":{"color":"CT_CSS_SKIP_RULEDEFAULT"},"initial":{"color":"CT_CSS_SKIP_RULEDEFAULT"},"hover":{"color":"CT_CSS_SKIP_RULEDEFAULT"}},"pageTitleOverlay":{"background_type":"color","background_pattern":"type-1","background_image":{"attachment_id":null,"x":0,"y":0},"gradient":"linear-gradient(135deg,rgba(6,147,227,1) 0%,rgb(155,81,224) 100%)","background_repeat":"repeat","background_size":"auto","background_attachment":"scroll","patternColor":{"default":{"color":"#e5e7ea"}},"overlayColor":{"default":{"color":"CT_CSS_SKIP_RULE"}},"backgroundColor":{"default":{"color":"CT_CSS_SKIP_RULE"}}},"pageTitleBackground":{"background_type":"color","background_pattern":"type-1","background_image":{"attachment_id":null,"x":0,"y":0},"gradient":"linear-gradient(135deg,rgba(6,147,227,1) 0%,rgb(155,81,224) 100%)","background_repeat":"repeat","background_size":"auto","background_attachment":"scroll","patternColor":{"default":{"color":"#e5e7ea"}},"overlayColor":{"default":{"color":"CT_CSS_SKIP_RULE"}},"backgroundColor":{"default":{"color":"var(--theme-palette-color-6)"}}},"pageTitlePadding":{"top":"50px","bottom":"50px","left":"auto","right":"auto","linked":true},"d17afb54ca52ed4daacff0ceb372cd95":"","page_structure_type":"type-3","9f722a8124b7dbb071324e2013ec3960":"","content_style_source":"inherit","content_style":"wide","vertical_spacing_source":"inherit","content_area_spacing":"both","background":{"background_type":"color","background_pattern":"type-1","background_image":{"attachment_id":null,"x":0,"y":0},"gradient":"linear-gradient(135deg,rgba(6,147,227,1) 0%,rgb(155,81,224) 100%)","background_repeat":"repeat","background_size":"auto","background_attachment":"scroll","patternColor":{"default":{"color":"#e5e7ea"}},"overlayColor":{"default":{"color":"CT_CSS_SKIP_RULE"}},"backgroundColor":{"default":{"color":"CT_CSS_SKIP_RULE"}}},"content_background":{"background_type":"color","background_pattern":"type-1","background_image":{"attachment_id":null,"x":0,"y":0},"gradient":"linear-gradient(135deg,rgba(6,147,227,1) 0%,rgb(155,81,224) 100%)","background_repeat":"repeat","background_size":"auto","background_attachment":"scroll","patternColor":{"default":{"color":"#e5e7ea"}},"overlayColor":{"default":{"color":"CT_CSS_SKIP_RULE"}},"backgroundColor":{"default":{"color":"var(--theme-palette-color-8)"}}},"content_boxed_shadow":{"inherit":false,"blur":18,"spread":-6,"v_offset":12,"h_offset":0,"inset":false,"enable":true,"color":{"color":"rgba(34, 56, 101, 0.04)"}},"boxed_content_spacing":{"desktop":{"top":"40px","bottom":"40px","left":"40px","right":"40px","linked":true},"tablet":{"top":"35px","bottom":"35px","left":"35px","right":"35px","linked":true},"mobile":{"top":"20px","bottom":"20px","left":"20px","right":"20px","linked":true}},"content_boxed_radius":{"top":"3px","bottom":"3px","left":"3px","right":"3px","linked":true},"bf20b6a361dfad332d6d1d8ceec4e751":"","disable_featured_image":"no","disable_header":"no","disable_footer":"no"},"featured_image_urls_v2":{"full":"","thumbnail":"","medium":"","medium_large":"","large":"","1536x1536":"","2048x2048":""},"post_excerpt_stackable_v2":"<p>\u00dcber die EntenAls Nico sich entschied, von zuhause auszuziehen, hat er uns eine kleine \u00dcberraschung hinterlassen um uns immer wieder an ihn zu erinnern:Er hat 100 kleine Gummienten \u00fcber Aliexpress gekauft und sie an allen m\u00f6glichen und unm\u00f6glichen Orten im Haus versteckt.Teilweise an recht offensichtlichen Stellen, aber auch an Orten, an die man seeeehr selten schaut.Diese Website dokumentiert alle Funde im Detail, angefangen im Juni 2021.Hier findest Du Details zu jeder gefundenen Ente.Die Enten 1-32 sowie 86-100 wurden von Anfang an versteckt.Ente 33-85 erst im November 2023.FundeIn den ersten Monaten haben wir zwar schon einige Enten gefunden aber wir gehen&hellip;<\/p>\n","category_list_v2":"","author_info_v2":{"name":"sascha","url":"https:\/\/trackable.de\/ducks\/author\/sascha\/"},"comments_num_v2":"0 comments","_links":{"self":[{"href":"https:\/\/trackable.de\/ducks\/wp-json\/wp\/v2\/pages\/55","targetHints":{"allow":["GET"]}}],"collection":[{"href":"https:\/\/trackable.de\/ducks\/wp-json\/wp\/v2\/pages"}],"about":[{"href":"https:\/\/trackable.de\/ducks\/wp-json\/wp\/v2\/types\/page"}],"author":[{"embeddable":true,"href":"https:\/\/trackable.de\/ducks\/wp-json\/wp\/v2\/users\/1"}],"replies":[{"embeddable":true,"href":"https:\/\/trackable.de\/ducks\/wp-json\/wp\/v2\/comments?post=55"}],"version-history":[{"count":30,"href":"https:\/\/trackable.de\/ducks\/wp-json\/wp\/v2\/pages\/55\/revisions"}],"predecessor-version":[{"id":543,"href":"https:\/\/trackable.de\/ducks\/wp-json\/wp\/v2\/pages\/55\/revisions\/543"}],"wp:attachment":[{"href":"https:\/\/trackable.de\/ducks\/wp-json\/wp\/v2\/media?parent=55"}],"curies":[{"name":"wp","href":"https:\/\/api.w.org\/{rel}","templated":true}]}}